{"id":72,"date":"2024-10-26T15:35:50","date_gmt":"2024-10-26T15:35:50","guid":{"rendered":"https:\/\/vigilant-feynman.157-97-110-209.plesk.page\/index.php\/studio-agency\/"},"modified":"2025-12-17T15:36:07","modified_gmt":"2025-12-17T15:36:07","slug":"accueil","status":"publish","type":"page","link":"https:\/\/adorevent.fr\/","title":{"rendered":"Accueil"},"content":{"rendered":"\t\t<div data-elementor-type=\"wp-page\" data-elementor-id=\"72\" class=\"elementor elementor-72\" data-elementor-post-type=\"page\">\n\t\t\t\t<div class=\"elementor-element elementor-element-303bbdd e-con-full e-flex e-con e-parent\" data-id=\"303bbdd\" data-element_type=\"container\" data-settings=\"{&quot;background_background&quot;:&quot;classic&quot;}\">\n\t\t\t\t<div class=\"elementor-element elementor-element-06ac52b elementor-absolute elementor-widget elementor-widget-image\" data-id=\"06ac52b\" data-element_type=\"widget\" data-settings=\"{&quot;_position&quot;:&quot;absolute&quot;}\" data-widget_type=\"image.default\">\n\t\t\t\t\t\t\t\t\t\t\t\t\t\t\t<img fetchpriority=\"high\" decoding=\"async\" width=\"768\" height=\"349\" src=\"https:\/\/adorevent.fr\/wp-content\/uploads\/2025\/11\/logo-ador-B-768x349.png\" class=\"attachment-medium_large size-medium_large wp-image-113\" alt=\"\" srcset=\"https:\/\/adorevent.fr\/wp-content\/uploads\/2025\/11\/logo-ador-B-768x349.png 768w, https:\/\/adorevent.fr\/wp-content\/uploads\/2025\/11\/logo-ador-B-300x136.png 300w, https:\/\/adorevent.fr\/wp-content\/uploads\/2025\/11\/logo-ador-B-1024x466.png 1024w, https:\/\/adorevent.fr\/wp-content\/uploads\/2025\/11\/logo-ador-B-1536x698.png 1536w, https:\/\/adorevent.fr\/wp-content\/uploads\/2025\/11\/logo-ador-B-2048x931.png 2048w, https:\/\/adorevent.fr\/wp-content\/uploads\/2025\/11\/logo-ador-B-650x296.png 650w\" sizes=\"(max-width: 768px) 100vw, 768px\" \/>\t\t\t\t\t\t\t\t\t\t\t\t\t\t\t<\/div>\n\t\t\t\t<\/div>\n\t\t<div class=\"elementor-element elementor-element-287ca52 e-flex e-con-boxed e-con e-parent\" data-id=\"287ca52\" data-element_type=\"container\" id=\"presentation\">\n\t\t\t\t\t<div class=\"e-con-inner\">\n\t\t<div class=\"elementor-element elementor-element-37ac35b e-con-full e-flex e-con e-child\" data-id=\"37ac35b\" data-element_type=\"container\">\n\t\t<div class=\"elementor-element elementor-element-6b21b09 e-con-full e-flex e-con e-child\" data-id=\"6b21b09\" data-element_type=\"container\">\n\t\t<div class=\"elementor-element elementor-element-0aa3947 e-con-full e-flex e-con e-child\" data-id=\"0aa3947\" data-element_type=\"container\">\n\t\t\t\t<div class=\"elementor-element elementor-element-4ab1551 elementor-widget elementor-widget-heading\" data-id=\"4ab1551\" data-element_type=\"widget\" data-widget_type=\"heading.default\">\n\t\t\t\t\t<h3 class=\"elementor-heading-title elementor-size-default\">Who We Are<\/h3>\t\t\t\t<\/div>\n\t\t\t\t<div class=\"elementor-element elementor-element-e4e25b4 elementor-widget elementor-widget-text-editor\" data-id=\"e4e25b4\" data-element_type=\"widget\" data-widget_type=\"text-editor.default\">\n\t\t\t\t\t\t\t\t\t<p class=\"p1\">Chez Ador, chaque d\u00e9tail compte, chaque \u00e9motion est \u00e0 sa place.<\/p><p class=\"p1\">Nous imaginons, coordonnons et sublimons vos \u00e9v\u00e9nements pour qu\u2019ils vous ressemblent.\u00a0<\/p><p class=\"p1\"><span style=\"font-size: inherit;\">Nous orchestrons l\u2019harmonie entre beaut\u00e9, fluidit\u00e9 et intention\u00a0<\/span><\/p><p class=\"p1\">Transformer vos id\u00e9es en concret.<\/p><p class=\"p1\">Ador c\u2019est une promesse : celle d\u2019un \u00e9v\u00e9nement sur mesure, raffin\u00e9 et vibrant : \u00e0 votre image.<\/p><p class=\"p1\">Un \u00e9v\u00e9nement, c&rsquo;est une aventure logistique.<\/p><p class=\"p1\">Nous vous accompagnons \u00e0 chaque \u00e9tape, avec \u00e9l\u00e9gance et s\u00e9r\u00e9nit\u00e9.<\/p><p class=\"p1\">De la conception du concept \u00e0 la coordination du jour J, en passant par la s\u00e9lection des prestataires et la mise en sc\u00e8ne de votre univers. Rien est laiss\u00e9 au hasard, tout est pens\u00e9 dans le d\u00e9tail pour vous accompagnez de l\u2019id\u00e9e \u00e0 la concr\u00e9tisation.<\/p>\t\t\t\t\t\t\t\t<\/div>\n\t\t\t\t<div class=\"elementor-element elementor-element-c9e230c elementor-widget elementor-widget-button\" data-id=\"c9e230c\" data-element_type=\"widget\" data-widget_type=\"button.default\">\n\t\t\t\t\t\t\t\t\t\t<a class=\"elementor-button elementor-button-link elementor-size-sm\" href=\"https:\/\/adorevent.fr\/portofolio\/\">\n\t\t\t\t\t\t<span class=\"elementor-button-content-wrapper\">\n\t\t\t\t\t\t\t\t\t<span class=\"elementor-button-text\">En savoir plus<\/span>\n\t\t\t\t\t<\/span>\n\t\t\t\t\t<\/a>\n\t\t\t\t\t\t\t\t<\/div>\n\t\t\t\t<\/div>\n\t\t\t\t<\/div>\n\t\t\t\t<\/div>\n\t\t\t\t\t<\/div>\n\t\t\t\t<\/div>\n\t\t<div class=\"elementor-element elementor-element-952db65 e-flex e-con-boxed e-con e-parent\" data-id=\"952db65\" data-element_type=\"container\" data-settings=\"{&quot;background_background&quot;:&quot;classic&quot;}\">\n\t\t\t\t\t<div class=\"e-con-inner\">\n\t\t\t\t<div class=\"elementor-element elementor-element-ff6f6b0 elementor-grid-mobile-3 elementor-grid-3 elementor-grid-tablet-2 elementor-widget elementor-widget-portfolio\" data-id=\"ff6f6b0\" data-element_type=\"widget\" data-settings=\"{&quot;columns_mobile&quot;:&quot;3&quot;,&quot;columns&quot;:&quot;3&quot;,&quot;columns_tablet&quot;:&quot;2&quot;,&quot;item_ratio&quot;:{&quot;unit&quot;:&quot;px&quot;,&quot;size&quot;:0.66,&quot;sizes&quot;:[]},&quot;item_gap&quot;:{&quot;unit&quot;:&quot;px&quot;,&quot;size&quot;:&quot;&quot;,&quot;sizes&quot;:[]},&quot;row_gap&quot;:{&quot;unit&quot;:&quot;px&quot;,&quot;size&quot;:&quot;&quot;,&quot;sizes&quot;:[]}}\" data-widget_type=\"portfolio.default\">\n\t\t\t\t<div class=\"elementor-widget-container\">\n\t\t\t\t\t\t\t<div class=\"elementor-portfolio elementor-grid elementor-posts-container\" role=\"list\">\n\t\t\t\t<article class=\"elementor-portfolio-item elementor-post  post-1 post type-post status-publish format-standard has-post-thumbnail hentry category-uncategorized\" role=\"listitem\">\n\t\t\t<a class=\"elementor-post__thumbnail__link\" href=\"https:\/\/adorevent.fr\/index.php\/2025\/09\/04\/hello-world\/\">\n\t\t\t\t<div class=\"elementor-portfolio-item__img elementor-post__thumbnail\">\n\t\t\t<img decoding=\"async\" width=\"300\" height=\"188\" src=\"https:\/\/adorevent.fr\/wp-content\/uploads\/2025\/09\/2-300x188.jpg\" class=\"attachment-medium size-medium wp-image-288\" alt=\"\" srcset=\"https:\/\/adorevent.fr\/wp-content\/uploads\/2025\/09\/2-300x188.jpg 300w, https:\/\/adorevent.fr\/wp-content\/uploads\/2025\/09\/2-1024x640.jpg 1024w, https:\/\/adorevent.fr\/wp-content\/uploads\/2025\/09\/2-768x480.jpg 768w, https:\/\/adorevent.fr\/wp-content\/uploads\/2025\/09\/2-1536x960.jpg 1536w, https:\/\/adorevent.fr\/wp-content\/uploads\/2025\/09\/2-650x406.jpg 650w, https:\/\/adorevent.fr\/wp-content\/uploads\/2025\/09\/2.jpg 1920w\" sizes=\"(max-width: 300px) 100vw, 300px\" \/>\t\t<\/div>\n\t\t\t\t<div class=\"elementor-portfolio-item__overlay\">\n\t\t\t\t<h3 class=\"elementor-portfolio-item__title\">\n\t\t\t\t<\/h3>\n\t\t\t\t<\/div>\n\t\t\t\t<\/a>\n\t\t<\/article>\n\t\t\t\t<article class=\"elementor-portfolio-item elementor-post  post-73 post type-post status-publish format-standard has-post-thumbnail hentry category-uncategorized\" role=\"listitem\">\n\t\t\t<a class=\"elementor-post__thumbnail__link\" href=\"https:\/\/adorevent.fr\/index.php\/2024\/10\/26\/5-creative-ways-to-use-studio-lighting-for-your-next-photoshoot\/\">\n\t\t\t\t<div class=\"elementor-portfolio-item__img elementor-post__thumbnail\">\n\t\t\t<img decoding=\"async\" width=\"300\" height=\"188\" src=\"https:\/\/adorevent.fr\/wp-content\/uploads\/2024\/10\/1-300x188.jpg\" class=\"attachment-medium size-medium wp-image-286\" alt=\"\" srcset=\"https:\/\/adorevent.fr\/wp-content\/uploads\/2024\/10\/1-300x188.jpg 300w, https:\/\/adorevent.fr\/wp-content\/uploads\/2024\/10\/1-1024x640.jpg 1024w, https:\/\/adorevent.fr\/wp-content\/uploads\/2024\/10\/1-768x480.jpg 768w, https:\/\/adorevent.fr\/wp-content\/uploads\/2024\/10\/1-1536x960.jpg 1536w, https:\/\/adorevent.fr\/wp-content\/uploads\/2024\/10\/1-650x406.jpg 650w, https:\/\/adorevent.fr\/wp-content\/uploads\/2024\/10\/1.jpg 1920w\" sizes=\"(max-width: 300px) 100vw, 300px\" \/>\t\t<\/div>\n\t\t\t\t<div class=\"elementor-portfolio-item__overlay\">\n\t\t\t\t<h3 class=\"elementor-portfolio-item__title\">\n\t\t\t\t<\/h3>\n\t\t\t\t<\/div>\n\t\t\t\t<\/a>\n\t\t<\/article>\n\t\t\t\t<article class=\"elementor-portfolio-item elementor-post  post-74 post type-post status-publish format-standard has-post-thumbnail hentry category-uncategorized\" role=\"listitem\">\n\t\t\t<a class=\"elementor-post__thumbnail__link\" href=\"https:\/\/adorevent.fr\/index.php\/2024\/10\/26\/how-to-choose-the-perfect-backdrop-for-your-photo\/\">\n\t\t\t\t<div class=\"elementor-portfolio-item__img elementor-post__thumbnail\">\n\t\t\t<img loading=\"lazy\" decoding=\"async\" width=\"300\" height=\"188\" src=\"https:\/\/adorevent.fr\/wp-content\/uploads\/2025\/09\/3-300x188.jpg\" class=\"attachment-medium size-medium wp-image-289\" alt=\"\" srcset=\"https:\/\/adorevent.fr\/wp-content\/uploads\/2025\/09\/3-300x188.jpg 300w, https:\/\/adorevent.fr\/wp-content\/uploads\/2025\/09\/3-1024x640.jpg 1024w, https:\/\/adorevent.fr\/wp-content\/uploads\/2025\/09\/3-768x480.jpg 768w, https:\/\/adorevent.fr\/wp-content\/uploads\/2025\/09\/3-1536x960.jpg 1536w, https:\/\/adorevent.fr\/wp-content\/uploads\/2025\/09\/3-650x406.jpg 650w, https:\/\/adorevent.fr\/wp-content\/uploads\/2025\/09\/3.jpg 1920w\" sizes=\"(max-width: 300px) 100vw, 300px\" \/>\t\t<\/div>\n\t\t\t\t<div class=\"elementor-portfolio-item__overlay\">\n\t\t\t\t<h3 class=\"elementor-portfolio-item__title\">\n\t\t\t\t<\/h3>\n\t\t\t\t<\/div>\n\t\t\t\t<\/a>\n\t\t<\/article>\n\t\t\t\t<\/div>\n\t\t\t\t\t\t<\/div>\n\t\t\t\t<\/div>\n\t\t\t\t\t<\/div>\n\t\t\t\t<\/div>\n\t\t<div class=\"elementor-element elementor-element-bb09ef9 e-flex e-con-boxed e-con e-parent\" data-id=\"bb09ef9\" data-element_type=\"container\" id=\"accompagnement\">\n\t\t\t\t\t<div class=\"e-con-inner\">\n\t\t<div class=\"elementor-element elementor-element-c706597 e-con-full e-flex e-con e-child\" data-id=\"c706597\" data-element_type=\"container\">\n\t\t<div class=\"elementor-element elementor-element-51e33a5 e-con-full e-flex e-con e-child\" data-id=\"51e33a5\" data-element_type=\"container\">\n\t\t<div class=\"elementor-element elementor-element-c226d8c e-con-full e-flex e-con e-child\" data-id=\"c226d8c\" data-element_type=\"container\">\n\t\t\t\t<div class=\"elementor-element elementor-element-0d34a31 elementor-widget elementor-widget-heading\" data-id=\"0d34a31\" data-element_type=\"widget\" data-widget_type=\"heading.default\">\n\t\t\t\t\t<h3 class=\"elementor-heading-title elementor-size-default\">Nos accompagnements<\/h3>\t\t\t\t<\/div>\n\t\t\t\t<div class=\"elementor-element elementor-element-9a4b0d8 elementor-widget elementor-widget-text-editor\" data-id=\"9a4b0d8\" data-element_type=\"widget\" data-widget_type=\"text-editor.default\">\n\t\t\t\t\t\t\t\t\t<p class=\"p1\">Mariages, votre histoire d\u2019amour notre expertise fusionne vos \u00e9motions<\/p><p class=\"p1\">Anniversaires, demandes en mariage, d\u00eener intimiste ou\u00a0<span style=\"font-size: inherit;\">c\u00e9l\u00e9bration familiale, chaque \u00e9v\u00e9nement m\u00e9rite d\u2019\u00eatre pens\u00e9 comme une oeuvre unique.<\/span><\/p><p class=\"p1\">Nous veillons avec discretion \u00e0 ce que tout se d\u00e9roule \u00e0 la\u00a0<span style=\"font-size: inherit;\">perfection pour vous laisser vivre chaque instant tout en l\u00e9g\u00e8ret\u00e9.<\/span><\/p>\t\t\t\t\t\t\t\t<\/div>\n\t\t\t\t<\/div>\n\t\t\t\t<\/div>\n\t\t\t\t<\/div>\n\t\t\t\t\t<\/div>\n\t\t\t\t<\/div>\n\t\t<div class=\"elementor-element elementor-element-97e6f24 e-flex e-con-boxed e-con e-parent\" data-id=\"97e6f24\" data-element_type=\"container\">\n\t\t\t\t\t<div class=\"e-con-inner\">\n\t\t\t\t<div class=\"elementor-element elementor-element-18f9fc7 elementor-widget elementor-widget-spacer\" data-id=\"18f9fc7\" data-element_type=\"widget\" data-widget_type=\"spacer.default\">\n\t\t\t\t\t\t\t<div class=\"elementor-spacer\">\n\t\t\t<div class=\"elementor-spacer-inner\"><\/div>\n\t\t<\/div>\n\t\t\t\t\t\t<\/div>\n\t\t\t\t\t<\/div>\n\t\t\t\t<\/div>\n\t\t<div class=\"elementor-element elementor-element-41840b5 e-flex e-con-boxed e-con e-parent\" data-id=\"41840b5\" data-element_type=\"container\" id=\"rencontre\" data-settings=\"{&quot;background_background&quot;:&quot;classic&quot;}\">\n\t\t\t\t\t<div class=\"e-con-inner\">\n\t\t<div class=\"elementor-element elementor-element-659bf7a e-con-full e-flex e-con e-child\" data-id=\"659bf7a\" data-element_type=\"container\">\n\t\t<div class=\"elementor-element elementor-element-43acefe e-con-full e-flex e-con e-child\" data-id=\"43acefe\" data-element_type=\"container\">\n\t\t\t\t<\/div>\n\t\t<div class=\"elementor-element elementor-element-003ae6c e-con-full e-flex e-con e-child\" data-id=\"003ae6c\" data-element_type=\"container\">\n\t\t\t\t<div class=\"elementor-element elementor-element-3f18823 elementor-widget elementor-widget-heading\" data-id=\"3f18823\" data-element_type=\"widget\" data-widget_type=\"heading.default\">\n\t\t\t\t\t<h3 class=\"elementor-heading-title elementor-size-default\">Rencontrons-nous<\/h3>\t\t\t\t<\/div>\n\t\t\t\t<div class=\"elementor-element elementor-element-55583ed elementor-widget elementor-widget-text-editor\" data-id=\"55583ed\" data-element_type=\"widget\" data-widget_type=\"text-editor.default\">\n\t\t\t\t\t\t\t\t\t<p class=\"p1\">Chaque projet commence par une rencontre, une intuition, une envie partag\u00e9e.<\/p><p class=\"p1\">Racontez-nous votre histoire, vos r\u00eaves et inspirations on s\u2019occupe du reste !<\/p>\t\t\t\t\t\t\t\t<\/div>\n\t\t\t\t<\/div>\n\t\t\t\t<\/div>\n\t\t\t\t\t<\/div>\n\t\t\t\t<\/div>\n\t\t\t\t<\/div>\n\t\t","protected":false},"excerpt":{"rendered":"<p>Who We Are Chez Ador, chaque d\u00e9tail compte, chaque \u00e9motion est \u00e0 sa place. Nous imaginons, coordonnons et sublimons vos \u00e9v\u00e9nements pour qu\u2019ils vous ressemblent.\u00a0 Nous orchestrons l\u2019harmonie entre beaut\u00e9, fluidit\u00e9 et intention\u00a0 Transformer vos id\u00e9es en concret. Ador c\u2019est une promesse : celle d\u2019un \u00e9v\u00e9nement sur mesure, raffin\u00e9 et vibrant : \u00e0 votre image. [&hellip;]<\/p>\n","protected":false},"author":1,"featured_media":0,"parent":0,"menu_order":0,"comment_status":"closed","ping_status":"closed","template":"","meta":{"footnotes":""},"class_list":["post-72","page","type-page","status-publish","hentry"],"_links":{"self":[{"href":"https:\/\/adorevent.fr\/index.php\/wp-json\/wp\/v2\/pages\/72","targetHints":{"allow":["GET"]}}],"collection":[{"href":"https:\/\/adorevent.fr\/index.php\/wp-json\/wp\/v2\/pages"}],"about":[{"href":"https:\/\/adorevent.fr\/index.php\/wp-json\/wp\/v2\/types\/page"}],"author":[{"embeddable":true,"href":"https:\/\/adorevent.fr\/index.php\/wp-json\/wp\/v2\/users\/1"}],"replies":[{"embeddable":true,"href":"https:\/\/adorevent.fr\/index.php\/wp-json\/wp\/v2\/comments?post=72"}],"version-history":[{"count":127,"href":"https:\/\/adorevent.fr\/index.php\/wp-json\/wp\/v2\/pages\/72\/revisions"}],"predecessor-version":[{"id":273,"href":"https:\/\/adorevent.fr\/index.php\/wp-json\/wp\/v2\/pages\/72\/revisions\/273"}],"wp:attachment":[{"href":"https:\/\/adorevent.fr\/index.php\/wp-json\/wp\/v2\/media?parent=72"}],"curies":[{"name":"wp","href":"https:\/\/api.w.org\/{rel}","templated":true}]}}